{"id":1216,"date":"2023-07-11T09:42:46","date_gmt":"2023-07-11T09:42:46","guid":{"rendered":"http:\/\/dmz006.volke-muc.de\/?page_id=1216"},"modified":"2024-06-06T11:13:07","modified_gmt":"2024-06-06T11:13:07","slug":"impressum","status":"publish","type":"page","link":"https:\/\/www.volke-muc.de\/?page_id=1216","title":{"rendered":"Impressum"},"content":{"rendered":"\t\t<div data-elementor-type=\"wp-page\" data-elementor-id=\"1216\" class=\"elementor elementor-1216\">\n\t\t\t\t\t\t<section class=\"elementor-section elementor-top-section elementor-element elementor-element-2c3633de elementor-section-full_width elementor-section-stretched page-title-section elementor-section-height-default elementor-section-height-default qodef-elementor-content-no\" data-id=\"2c3633de\" data-element_type=\"section\" data-settings=\"{&quot;stretch_section&quot;:&quot;section-stretched&quot;}\">\n\t\t\t\t\t\t<div class=\"elementor-container elementor-column-gap-no\">\n\t\t\t\t\t<div class=\"elementor-column elementor-col-100 elementor-top-column elementor-element elementor-element-7a2725d6\" data-id=\"7a2725d6\" data-element_type=\"column\">\n\t\t\t<div class=\"elementor-widget-wrap elementor-element-populated\">\n\t\t\t\t\t\t<section class=\"elementor-section elementor-inner-section elementor-element elementor-element-5497b62b elementor-section-height-min-height elementor-section-content-middle featured-section elementor-section-boxed elementor-section-height-default qodef-elementor-content-no\" data-id=\"5497b62b\" data-element_type=\"section\" data-settings=\"{&quot;background_background&quot;:&quot;classic&quot;}\">\n\t\t\t\t\t\t<div class=\"elementor-container elementor-column-gap-default\">\n\t\t\t\t\t<div class=\"elementor-column elementor-col-100 elementor-inner-column elementor-element elementor-element-1cfd7d64\" data-id=\"1cfd7d64\" data-element_type=\"column\">\n\t\t\t<div class=\"elementor-widget-wrap elementor-element-populated\">\n\t\t\t\t\t\t<div class=\"elementor-element elementor-element-311c8bab elementor-widget elementor-widget-heading\" data-id=\"311c8bab\" data-element_type=\"widget\" data-widget_type=\"heading.default\">\n\t\t\t\t<div class=\"elementor-widget-container\">\n\t\t\t\t\t<h1 class=\"elementor-heading-title elementor-size-default\">Impressum<\/h1>\t\t\t\t<\/div>\n\t\t\t\t<\/div>\n\t\t\t\t\t<\/div>\n\t\t<\/div>\n\t\t\t\t\t<\/div>\n\t\t<\/section>\n\t\t\t\t\t<\/div>\n\t\t<\/div>\n\t\t\t\t\t<\/div>\n\t\t<\/section>\n\t\t\t\t<section class=\"elementor-section elementor-top-section elementor-element elementor-element-d1d1c6f elementor-section-boxed elementor-section-height-default elementor-section-height-default qodef-elementor-content-no\" data-id=\"d1d1c6f\" data-element_type=\"section\">\n\t\t\t\t\t\t<div class=\"elementor-container elementor-column-gap-default\">\n\t\t\t\t\t<div class=\"elementor-column elementor-col-100 elementor-top-column elementor-element elementor-element-ffac0d0\" data-id=\"ffac0d0\" data-element_type=\"column\">\n\t\t\t<div class=\"elementor-widget-wrap elementor-element-populated\">\n\t\t\t\t\t\t<div class=\"elementor-element elementor-element-95b6194 elementor-widget elementor-widget-heading\" data-id=\"95b6194\" data-element_type=\"widget\" data-widget_type=\"heading.default\">\n\t\t\t\t<div class=\"elementor-widget-container\">\n\t\t\t\t\t<h2 class=\"elementor-heading-title elementor-size-default\">Impressum<\/h2>\t\t\t\t<\/div>\n\t\t\t\t<\/div>\n\t\t\t\t<div class=\"elementor-element elementor-element-2865db2 elementor-widget elementor-widget-text-editor\" data-id=\"2865db2\" data-element_type=\"widget\" data-widget_type=\"text-editor.default\">\n\t\t\t\t<div class=\"elementor-widget-container\">\n\t\t\t\t\t\t\t\t\t<p>Volke freut sich \u00fcber Ihren Besuch auf dieser Website und Ihr Interesse an unserem Unternehmen.<\/p><h4>Angaben zur Gesellschaft<\/h4><p>Diese Website wird von der Volke Consulting Engineers GmbH &amp; Co. Planungs KG (Sch\u00e4tzweg 7\u20139, 80935 M\u00fcnchen), im Folgenden Volke genannt, betrieben.<br \/>Volke wird gesetzlich vertreten durch die Gesch\u00e4ftsf\u00fchrer:<\/p><p>Dr. Rainer Lunkeit,<br \/>Walter G\u00f6rke<\/p><p><strong>Kontakt:<\/strong><br \/>Volke Consulting Engineers GmbH &amp; Co. Planungs KG<br \/>Sch\u00e4tzweg 7\u20139<br \/>80935 M\u00fcnchen<br \/>Telefon: +49 89 357277-0<br \/>Telefax: +49 89 3516962<br \/><a class=\"mailto\" href=\"mailto:info@volke-muc.de\">info@volke-muc.de<\/a><\/p><p>Handelsregister:<br \/>Amtsgericht M\u00fcnchen HRA 45142,<\/p><p>UST-IdNr.:<br \/>DE130751330,<\/p><p>IBAN:<br \/>DE06 7003 0300 0100 3227 00,<\/p><p>Komplement\u00e4rin:<br \/>Volke Cons.Eng. GmbH HRB 42337<\/p><p>Zust\u00e4ndige Aufsichtsbeh\u00f6rde (Leiharbeitnehmer\u00fcbermittlung):<br \/>Regionaldirektion Bayern der Bundesagentur f\u00fcr Arbeit<br \/>Regensburger Str. 100\/104<br \/>90478 N\u00fcrnberg<br \/>Telefon: +49 911 179-0<br \/>Internet: <a class=\"external\" href=\"http:\/\/www.arbeitsagentur.de\/\" target=\"_blank\" rel=\"noopener\">http:\/\/www.arbeitsagentur.de<\/a><br \/>Kontakt: <a class=\"external\" href=\"https:\/\/www.arbeitsagentur.de\/vor-ort\/rd-by\/startseite\" target=\"_blank\" rel=\"noopener\">bayern@arbeitsagentur.de<\/a><\/p><p>Das Impressum gilt auch f\u00fcr folgende Social Media-Profile<\/p><p><a href=\"https:\/\/www.xing.com\/pages\/volkeconsultingengineersgmbh-co-planungskg\">Xing<\/a><br \/><a class=\"external\" href=\"http:\/\/www.linkedin.com\/company\/volke-consulting-engineers-gmbh-&amp;-co-planungs-kg?trk=tabs_biz_home\" target=\"_blank\" rel=\"noopener\">LinkedIn<\/a><br \/><a href=\"https:\/\/www.youtube.com\/channel\/UCxLNrNWS0OslyEs4CoAW1GQ\">Youtube<\/a><\/p><p>Webdesign und Development by <a href=\"https:\/\/imagemakers.de\">Imagemakers.de<\/a><\/p>\t\t\t\t\t\t\t\t<\/div>\n\t\t\t\t<\/div>\n\t\t\t\t\t<\/div>\n\t\t<\/div>\n\t\t\t\t\t<\/div>\n\t\t<\/section>\n\t\t\t\t<\/div>\n\t\t","protected":false},"excerpt":{"rendered":"<p>Impressum Impressum Volke freut sich \u00fcber Ihren Besuch auf dieser Website und Ihr Interesse an unserem Unternehmen. Angaben zur Gesellschaft Diese Website wird von der Volke Consulting Engineers GmbH &amp; Co. Planungs KG (Sch\u00e4tzweg 7\u20139, 80935 M\u00fcnchen), im Folgenden Volke genannt, betrieben.Volke wird gesetzlich vertreten durch die Gesch\u00e4ftsf\u00fchrer: Dr. Rainer Lunkeit,Walter G\u00f6rke Kontakt:Volke Consulting Engineers [&hellip;]<\/p>\n","protected":false},"author":1,"featured_media":0,"parent":0,"menu_order":0,"comment_status":"closed","ping_status":"closed","template":"","meta":{"inline_featured_image":false,"footnotes":"","_links_to":"","_links_to_target":""},"class_list":["post-1216","page","type-page","status-publish","hentry"],"_links":{"self":[{"href":"https:\/\/www.volke-muc.de\/index.php?rest_route=\/wp\/v2\/pages\/1216","targetHints":{"allow":["GET"]}}],"collection":[{"href":"https:\/\/www.volke-muc.de\/index.php?rest_route=\/wp\/v2\/pages"}],"about":[{"href":"https:\/\/www.volke-muc.de\/index.php?rest_route=\/wp\/v2\/types\/page"}],"author":[{"embeddable":true,"href":"https:\/\/www.volke-muc.de\/index.php?rest_route=\/wp\/v2\/users\/1"}],"replies":[{"embeddable":true,"href":"https:\/\/www.volke-muc.de\/index.php?rest_route=%2Fwp%2Fv2%2Fcomments&post=1216"}],"version-history":[{"count":73,"href":"https:\/\/www.volke-muc.de\/index.php?rest_route=\/wp\/v2\/pages\/1216\/revisions"}],"predecessor-version":[{"id":6558,"href":"https:\/\/www.volke-muc.de\/index.php?rest_route=\/wp\/v2\/pages\/1216\/revisions\/6558"}],"wp:attachment":[{"href":"https:\/\/www.volke-muc.de\/index.php?rest_route=%2Fwp%2Fv2%2Fmedia&parent=1216"}],"curies":[{"name":"wp","href":"https:\/\/api.w.org\/{rel}","templated":true}]}}